{"id":398,"date":"2019-02-02T10:44:11","date_gmt":"2019-02-02T09:44:11","guid":{"rendered":"http:\/\/www.bbbru.be\/?page_id=398"},"modified":"2022-05-07T09:01:59","modified_gmt":"2022-05-07T08:01:59","slug":"je-suis-enceinte-et-maintenant","status":"publish","type":"page","link":"https:\/\/www.bbbru.be\/fr\/je-suis-enceinte-et-maintenant\/","title":{"rendered":"Je suis enceinte, et maintenant?"},"content":{"rendered":"<p><img loading=\"lazy\" decoding=\"async\" class=\"alignleft size-full wp-image-270\" src=\"http:\/\/www.bbbru.be\/wp-content\/uploads\/2019\/01\/zwanger.jpg\" alt=\"\" width=\"1800\" height=\"1350\" srcset=\"https:\/\/www.bbbru.be\/wp-content\/uploads\/2019\/01\/zwanger.jpg 1800w, https:\/\/www.bbbru.be\/wp-content\/uploads\/2019\/01\/zwanger-300x225.jpg 300w, https:\/\/www.bbbru.be\/wp-content\/uploads\/2019\/01\/zwanger-768x576.jpg 768w, https:\/\/www.bbbru.be\/wp-content\/uploads\/2019\/01\/zwanger-1024x768.jpg 1024w\" sizes=\"(max-width: 1800px) 100vw, 1800px\" \/><\/p>\r\n<p>&nbsp;<\/p>\r\n<p class=\"p1\"><span class=\"s1\">Vous pouvez vous pr\u00e9senter chez nous pour\u00a0:<\/span><\/p>\r\n<ul class=\"ul1\">\r\n<li class=\"li2\"><span class=\"s2\">Un suivi m\u00e9dical et une pr\u00e9paration approfondie de votre grossesse, accouchement et maternit\u00e9<\/span><\/li>\r\n<li class=\"li2\"><span class=\"s2\">Vivre votre grossesse avec d\u2019autres femmes dans un environnement agr\u00e9able<\/span><\/li>\r\n<li class=\"li2\"><span class=\"s2\">Un suivi par les m\u00eames sages-femmes pendant toute votre grossesse et votre accouchement<\/span><\/li>\r\n<\/ul>\r\n<p class=\"p1\"><span class=\"s1\">Pas de frais directs<\/span><\/p>\r\n<p class=\"p1\"><span class=\"s1\">Toutes les femmes des communes d\u2019 Anderlecht, Molenbeek et Koekelberg sont les bienvenues.<\/span><\/p>\r\n<p class=\"p1\"><span class=\"s1\">En savoir plus\u00a0?\u00a0<\/span><a href=\"https:\/\/www.bbbru.be\/fr\/contact\/\"><span class=\"s1\">N\u2019h\u00e9sitez pas \u00e0 prendre rendez-vous\u00a0!<\/span><\/a><\/p>\r\n<h4 class=\"p2\"><span class=\"s1\"><a href=\"http:\/\/www.bbbru.be\/wp-content\/uploads\/2018\/12\/BBBru-DEF-FRANS-PAT-KLEUR.pdf\" target=\"_blank\" rel=\"noopener\">Consultez et t\u00e9l\u00e9chargez notre brochure<\/a>\u00a0<\/span><span class=\"s2\"><b>(PDF)<\/b><\/span><\/h4>\r\n\n<div class=\"gdgallery-gallery-container\" id=\"gdgallery-container-3\" data-id=\"3\">\n    \n<div id=\"gdgallery_container_3\" style=\"display:none;\" data-view=\"carousel\">\n            <a href=\"\">\n            <img decoding=\"async\" alt=\"BBBru\"\n                 data-type=\"image\"\n                 src=\"https:\/\/www.bbbru.be\/wp-content\/uploads\/2019\/02\/IMG-20190124-WA0000.jpg\"\n                 data-image=\"https:\/\/www.bbbru.be\/wp-content\/uploads\/2019\/02\/IMG-20190124-WA0000.jpg\"\n                 data-description=\"\"\n                                 style=\"display:block\">\n        <\/a>\n            <a href=\"\">\n            <img decoding=\"async\" alt=\"BBBru\"\n                 data-type=\"image\"\n                 src=\"https:\/\/www.bbbru.be\/wp-content\/uploads\/2019\/02\/IMG-20190124-WA0006.jpg\"\n                 data-image=\"https:\/\/www.bbbru.be\/wp-content\/uploads\/2019\/02\/IMG-20190124-WA0006.jpg\"\n                 data-description=\"\"\n                                 style=\"display:block\">\n        <\/a>\n            <a href=\"\">\n            <img decoding=\"async\" alt=\"BBBru\"\n                 data-type=\"image\"\n                 src=\"https:\/\/www.bbbru.be\/wp-content\/uploads\/2019\/02\/IMG-20190124-WA0008.jpg\"\n                 data-image=\"https:\/\/www.bbbru.be\/wp-content\/uploads\/2019\/02\/IMG-20190124-WA0008.jpg\"\n                 data-description=\"\"\n                                 style=\"display:block\">\n        <\/a>\n            <a href=\"\">\n            <img decoding=\"async\" alt=\"BBBru\"\n                 data-type=\"image\"\n                 src=\"https:\/\/www.bbbru.be\/wp-content\/uploads\/2019\/01\/BBBru3.jpg\"\n                 data-image=\"https:\/\/www.bbbru.be\/wp-content\/uploads\/2019\/01\/BBBru3.jpg\"\n                 data-description=\"\"\n                                 style=\"display:block\">\n        <\/a>\n            <a href=\"\">\n            <img decoding=\"async\" alt=\"BBBru\"\n                 data-type=\"image\"\n                 src=\"https:\/\/www.bbbru.be\/wp-content\/uploads\/2019\/02\/IMG-20190124-WA0004.jpg\"\n                 data-image=\"https:\/\/www.bbbru.be\/wp-content\/uploads\/2019\/02\/IMG-20190124-WA0004.jpg\"\n                 data-description=\"\"\n                                 style=\"display:block\">\n        <\/a>\n            <a href=\"\">\n            <img decoding=\"async\" alt=\"BBBru\"\n                 data-type=\"image\"\n                 src=\"https:\/\/www.bbbru.be\/wp-content\/uploads\/2019\/01\/BBBru9.jpg\"\n                 data-image=\"https:\/\/www.bbbru.be\/wp-content\/uploads\/2019\/01\/BBBru9.jpg\"\n                 data-description=\"\"\n                                 style=\"display:block\">\n        <\/a>\n            <a href=\"\">\n            <img decoding=\"async\" alt=\"BBBru\"\n                 data-type=\"image\"\n                 src=\"https:\/\/www.bbbru.be\/wp-content\/uploads\/2019\/01\/zwanger-1.jpg\"\n                 data-image=\"https:\/\/www.bbbru.be\/wp-content\/uploads\/2019\/01\/zwanger-1.jpg\"\n                 data-description=\"\"\n                                 style=\"display:block\">\n        <\/a>\n            <a href=\"\">\n            <img decoding=\"async\" alt=\"BBBru\"\n                 data-type=\"image\"\n                 src=\"https:\/\/www.bbbru.be\/wp-content\/uploads\/2019\/02\/IMG-20190124-WA0005.jpg\"\n                 data-image=\"https:\/\/www.bbbru.be\/wp-content\/uploads\/2019\/02\/IMG-20190124-WA0005.jpg\"\n                 data-description=\"\"\n                                 style=\"display:block\">\n        <\/a>\n            <a href=\"\">\n            <img decoding=\"async\" alt=\"BBBru\"\n                 data-type=\"image\"\n                 src=\"https:\/\/www.bbbru.be\/wp-content\/uploads\/2019\/01\/BBBru1.jpg\"\n                 data-image=\"https:\/\/www.bbbru.be\/wp-content\/uploads\/2019\/01\/BBBru1.jpg\"\n                 data-description=\"\"\n                                 style=\"display:block\">\n        <\/a>\n            <a href=\"\">\n            <img decoding=\"async\" alt=\"BBBru\"\n                 data-type=\"image\"\n                 src=\"https:\/\/www.bbbru.be\/wp-content\/uploads\/2019\/01\/BBBru6.jpg\"\n                 data-image=\"https:\/\/www.bbbru.be\/wp-content\/uploads\/2019\/01\/BBBru6.jpg\"\n                 data-description=\"\"\n                                 style=\"display:block\">\n        <\/a>\n            <a href=\"\">\n            <img decoding=\"async\" alt=\"BBBru\"\n                 data-type=\"image\"\n                 src=\"https:\/\/www.bbbru.be\/wp-content\/uploads\/2019\/01\/BBBru8.jpg\"\n                 data-image=\"https:\/\/www.bbbru.be\/wp-content\/uploads\/2019\/01\/BBBru8.jpg\"\n                 data-description=\"\"\n                                 style=\"display:block\">\n        <\/a>\n            <a href=\"\">\n            <img decoding=\"async\" alt=\"BBBru\"\n                 data-type=\"image\"\n                 src=\"https:\/\/www.bbbru.be\/wp-content\/uploads\/2019\/02\/IMG-20190124-WA0007.jpg\"\n                 data-image=\"https:\/\/www.bbbru.be\/wp-content\/uploads\/2019\/02\/IMG-20190124-WA0007.jpg\"\n                 data-description=\"\"\n                                 style=\"display:block\">\n        <\/a>\n            <a href=\"\">\n            <img decoding=\"async\" alt=\"BBBru\"\n                 data-type=\"image\"\n                 src=\"https:\/\/www.bbbru.be\/wp-content\/uploads\/2019\/01\/BBBru12.jpg\"\n                 data-image=\"https:\/\/www.bbbru.be\/wp-content\/uploads\/2019\/01\/BBBru12.jpg\"\n                 data-description=\"\"\n                                 style=\"display:block\">\n        <\/a>\n            <a href=\"\">\n            <img decoding=\"async\" alt=\"BBBru\"\n                 data-type=\"image\"\n                 src=\"https:\/\/www.bbbru.be\/wp-content\/uploads\/2019\/02\/IMG-20190124-WA0002.jpg\"\n                 data-image=\"https:\/\/www.bbbru.be\/wp-content\/uploads\/2019\/02\/IMG-20190124-WA0002.jpg\"\n                 data-description=\"\"\n                                 style=\"display:block\">\n        <\/a>\n            <a href=\"\">\n            <img decoding=\"async\" alt=\"BBBru \"\n                 data-type=\"image\"\n                 src=\"https:\/\/www.bbbru.be\/wp-content\/uploads\/2019\/01\/BBBru-2.jpg\"\n                 data-image=\"https:\/\/www.bbbru.be\/wp-content\/uploads\/2019\/01\/BBBru-2.jpg\"\n                 data-description=\"\"\n                                 style=\"display:block\">\n        <\/a>\n            <a href=\"\">\n            <img decoding=\"async\" alt=\"BBBru \"\n                 data-type=\"image\"\n                 src=\"https:\/\/www.bbbru.be\/wp-content\/uploads\/2019\/01\/BBBru-7.jpg\"\n                 data-image=\"https:\/\/www.bbbru.be\/wp-content\/uploads\/2019\/01\/BBBru-7.jpg\"\n                 data-description=\"\"\n                                 style=\"display:block\">\n        <\/a>\n            <a href=\"\">\n            <img decoding=\"async\" alt=\"BBBru\"\n                 data-type=\"image\"\n                 src=\"https:\/\/www.bbbru.be\/wp-content\/uploads\/2019\/01\/BBBru.jpg\"\n                 data-image=\"https:\/\/www.bbbru.be\/wp-content\/uploads\/2019\/01\/BBBru.jpg\"\n                 data-description=\"\"\n                                 style=\"display:block\">\n        <\/a>\n            <a href=\"\">\n            <img decoding=\"async\" alt=\"BBBru \"\n                 data-type=\"image\"\n                 src=\"https:\/\/www.bbbru.be\/wp-content\/uploads\/2019\/01\/BBBru-4.jpg\"\n                 data-image=\"https:\/\/www.bbbru.be\/wp-content\/uploads\/2019\/01\/BBBru-4.jpg\"\n                 data-description=\"\"\n                                 style=\"display:block\">\n        <\/a>\n            <a href=\"\">\n            <img decoding=\"async\" alt=\"BBBru\"\n                 data-type=\"image\"\n                 src=\"https:\/\/www.bbbru.be\/wp-content\/uploads\/2019\/02\/IMG-20190124-WA0003.jpg\"\n                 data-image=\"https:\/\/www.bbbru.be\/wp-content\/uploads\/2019\/02\/IMG-20190124-WA0003.jpg\"\n                 data-description=\"\"\n                                 style=\"display:block\">\n        <\/a>\n            <a href=\"\">\n            <img decoding=\"async\" alt=\"BBBru\"\n                 data-type=\"image\"\n                 src=\"https:\/\/www.bbbru.be\/wp-content\/uploads\/2019\/01\/zorgverleners-1.jpg\"\n                 data-image=\"https:\/\/www.bbbru.be\/wp-content\/uploads\/2019\/01\/zorgverleners-1.jpg\"\n                 data-description=\"\"\n                                 style=\"display:block\">\n        <\/a>\n            <a href=\"\">\n            <img decoding=\"async\" alt=\"BBBru\"\n                 data-type=\"image\"\n                 src=\"https:\/\/www.bbbru.be\/wp-content\/uploads\/2019\/02\/IMG-20190124-WA0001.jpg\"\n                 data-image=\"https:\/\/www.bbbru.be\/wp-content\/uploads\/2019\/02\/IMG-20190124-WA0001.jpg\"\n                 data-description=\"\"\n                                 style=\"display:block\">\n        <\/a>\n            <a href=\"\">\n            <img decoding=\"async\" alt=\"BBBru\"\n                 data-type=\"image\"\n                 src=\"https:\/\/www.bbbru.be\/wp-content\/uploads\/2019\/01\/BBBru11.jpg\"\n                 data-image=\"https:\/\/www.bbbru.be\/wp-content\/uploads\/2019\/01\/BBBru11.jpg\"\n                 data-description=\"\"\n                                 style=\"display:block\">\n        <\/a>\n    <\/div>\n<script type='text\/javascript' src='https:\/\/ajax.googleapis.com\/ajax\/libs\/jquery\/3.1.1\/jquery.min.js'><\/script>\n<script type=\"text\/javascript\">\n    jQuery(document).ready(function () {\n        var container = jQuery(\"#gdgallery_container_3\");\n        container.unitegallery({\"gallery_theme\":\"carousel\",\"carousel_space_between_tiles\":10,\"tile_width\":200,\"tile_height\":\"200\",\"tile_enable_outline\":false,\"theme_carousel_align\":\"center\",\"carousel_navigation_numtiles\":1,\"carousel_scroll_duration\":500,\"carousel_autoplay\":true,\"carousel_autoplay_timeout\":\"3000\",\"carousel_autoplay_direction\":\"right\",\"carousel_autoplay_pause_onhover\":true,\"theme_enable_navigation\":true,\"theme_navigation_position\":\"bottom\",\"theme_navigation_align\":\"center\",\"theme_navigation_enable_play\":true,\"theme_space_between_arrows\":\"20\",\"tile_enable_textpanel\":true,\"tile_textpanel_always_on\":true,\"tile_textpanel_title_text_align\":\"center\",\"tile_textpanel_title_font_size\":\"16\",\"tile_textpanel_title_color\":\"#FFFFFF\",\"tile_textpanel_bg_color\":\"#333333\",\"tile_textpanel_bg_opacity\":0.7,\"tile_enable_border\":true,\"tile_border_width\":\"0\",\"tile_border_color\":\"#333333\",\"tile_border_radius\":\"0\",\"tile_enable_overlay\":true,\"tile_enable_image_effect\":true,\"tile_image_effect_type\":\"blur\",\"tile_image_effect_reverse\":true,\"tile_enable_shadow\":false,\"tile_as_link\":false,\"tile_enable_icons\":true,\"tile_show_link_icon\":true,\"tile_textpanel_appear_type\":\"slide\",\"tile_textpanel_position\":\"inside_bottom\",\"tile_link_newpage\":true,\"lightbox_type\":\"wide\",\"lightbox_arrows_offset\":0,\"lightbox_overlay_color\":\"#000000\",\"lightbox_overlay_opacity\":1,\"lightbox_top_panel_opacity\":1,\"lightbox_show_numbers\":true,\"lightbox_numbers_size\":\"15\",\"lightbox_numbers_color\":\"#FFFFFF\",\"lightbox_slider_image_border_width\":\"0\",\"lightbox_slider_image_border_color\":\"#FFFFFF\",\"lightbox_slider_image_border_radius\":0,\"lightbox_slider_image_shadow\":true,\"lightbox_slider_control_swipe\":true,\"lightbox_slider_control_zoom\":true,\"lightbox_slider_image_border\":true,\"lightbox_show_textpanel\":true,\"lightbox_textpanel_enable_title\":true,\"lightbox_textpanel_enable_description\":false,\"lightbox_textpanel_padding_top\":5,\"lightbox_textpanel_padding_bottom\":5,\"lightbox_textpanel_padding_right\":5,\"lightbox_textpanel_padding_left\":5,\"lightbox_textpanel_title_color\":\"#FFFFFF\",\"lightbox_textpanel_title_text_align\":\"center\",\"lightbox_textpanel_title_font_size\":\"16\",\"lightbox_textpanel_desc_color\":\"#FFFFFF\",\"lightbox_textpanel_desc_text_align\":\"center\",\"lightbox_textpanel_desc_font_size\":\"14\"});\n    });\n<\/script><style>\n#gdgallery-container-3 a.ug-thumb-wrapper{\n    box-shadow: none !important;\n}\n\n.ug-lightbox .ug-lightbox-top-panel-overlay{\n    background-color: #000000 !important;\n}\n\n#gdgallery_container_2{}<\/style>\n<\/div>\n\n\n\n\n\n\r\n","protected":false},"excerpt":{"rendered":"<p>&nbsp; Vous pouvez vous pr\u00e9senter chez nous pour\u00a0: Un suivi m\u00e9dical et une pr\u00e9paration approfondie de votre grossesse, accouchement et maternit\u00e9 Vivre votre grossesse avec d\u2019autres femmes dans un environnement agr\u00e9able Un suivi par les m\u00eames sages-femmes pendant toute votre grossesse et votre accouchement Pas de frais directs Toutes les femmes des communes d\u2019 Anderlecht, [&hellip;]<\/p>\n","protected":false},"author":2,"featured_media":282,"parent":0,"menu_order":0,"comment_status":"closed","ping_status":"closed","template":"","meta":{"_monsterinsights_skip_tracking":false,"_monsterinsights_sitenote_active":false,"_monsterinsights_sitenote_note":"","_monsterinsights_sitenote_category":0,"_genesis_hide_title":false,"_genesis_hide_breadcrumbs":false,"_genesis_hide_singular_image":false,"_genesis_hide_footer_widgets":false,"_genesis_custom_body_class":"","_genesis_custom_post_class":"","_genesis_layout":"","footnotes":""},"_links":{"self":[{"href":"https:\/\/www.bbbru.be\/fr\/wp-json\/wp\/v2\/pages\/398"}],"collection":[{"href":"https:\/\/www.bbbru.be\/fr\/wp-json\/wp\/v2\/pages"}],"about":[{"href":"https:\/\/www.bbbru.be\/fr\/wp-json\/wp\/v2\/types\/page"}],"author":[{"embeddable":true,"href":"https:\/\/www.bbbru.be\/fr\/wp-json\/wp\/v2\/users\/2"}],"replies":[{"embeddable":true,"href":"https:\/\/www.bbbru.be\/fr\/wp-json\/wp\/v2\/comments?post=398"}],"version-history":[{"count":4,"href":"https:\/\/www.bbbru.be\/fr\/wp-json\/wp\/v2\/pages\/398\/revisions"}],"predecessor-version":[{"id":486,"href":"https:\/\/www.bbbru.be\/fr\/wp-json\/wp\/v2\/pages\/398\/revisions\/486"}],"wp:featuredmedia":[{"embeddable":true,"href":"https:\/\/www.bbbru.be\/fr\/wp-json\/wp\/v2\/media\/282"}],"wp:attachment":[{"href":"https:\/\/www.bbbru.be\/fr\/wp-json\/wp\/v2\/media?parent=398"}],"curies":[{"name":"wp","href":"https:\/\/api.w.org\/{rel}","templated":true}]}}