{"id":411,"date":"2019-02-02T11:26:41","date_gmt":"2019-02-02T10:26:41","guid":{"rendered":"http:\/\/www.bbbru.be\/?page_id=411"},"modified":"2022-05-07T09:50:20","modified_gmt":"2022-05-07T08:50:20","slug":"comment-nous-joindre","status":"publish","type":"page","link":"https:\/\/www.bbbru.be\/fr\/comment-nous-joindre\/","title":{"rendered":"Comment nous joindre?"},"content":{"rendered":"<p class=\"p1\"><span class=\"s1\">En semaine, vous pouvez appeler le num\u00e9ro de la maison m\u00e9dicale o\u00f9 travaille votre sage-femme. Si vous souhaitez prendre rendez-vous, l\u2019un des r\u00e9ceptionnistes vous aidera \u00e0 faire le n\u00e9cessaire. Si vous avez une question m\u00e9dicale (urgente), votre sage-femme ou m\u00e9decin y r\u00e9pondra. <\/span><\/p>\n<p class=\"p1\"><span class=\"s1\">Le week-end, vous pouvez appeler le num\u00e9ro de garde que vous recevez d\u00e8s le d\u00e9but de votre accompagnement chez nous.<\/span><\/p>\n<h2 class=\"p1\"><span class=\"s1\">WGC De Brug\/La passerelle\u00a0<\/span><\/h2>\n<p><strong>Karlijn de Goede\u00a0<\/strong><br \/>\n<strong>Samira Gharbaoui<\/strong><\/p>\n<p class=\"p1\"><span class=\"s1\"><img loading=\"lazy\" decoding=\"async\" class=\"wp-image-78 size-thumbnail alignleft\" src=\"http:\/\/www.bbbru.be\/wp-content\/uploads\/2018\/11\/bijlage-6-150x150.jpg\" alt=\"\" width=\"150\" height=\"150\" srcset=\"https:\/\/www.bbbru.be\/wp-content\/uploads\/2018\/11\/bijlage-6-150x150.jpg 150w, https:\/\/www.bbbru.be\/wp-content\/uploads\/2018\/11\/bijlage-6-640x640.jpg 640w\" sizes=\"(max-width: 150px) 100vw, 150px\" \/>Onafhankelijkheidsstraat 144<br \/>\n<\/span>1080 Molenbeek<br \/>\n02 411 18 38<\/p>\n<p>\u00a0<iframe loading=\"lazy\" style=\"border: 0;\" src=\"https:\/\/www.google.com\/maps\/embed?pb=!1m18!1m12!1m3!1d2518.8087473206024!2d4.32551441574603!3d50.85322577953302!2m3!1f0!2f0!3f0!3m2!1i1024!2i768!4f13.1!3m3!1m2!1s0x47c3c3f3d9db1e2b%3A0x3d7378e1cf11df1d!2sWGC+De+Brug!5e0!3m2!1snl!2sbe!4v1542538563429\" width=\"100%\" height=\"300\" frameborder=\"0\" allowfullscreen=\"allowfullscreen\"><span data-mce-type=\"bookmark\" style=\"display: inline-block; width: 0px; overflow: hidden; line-height: 0;\" class=\"mce_SELRES_start\">\ufeff<\/span><span data-mce-type=\"bookmark\" style=\"display: inline-block; width: 0px; overflow: hidden; line-height: 0;\" class=\"mce_SELRES_start\">\ufeff<\/span><span data-mce-type=\"bookmark\" style=\"display: inline-block; width: 0px; overflow: hidden; line-height: 0;\" class=\"mce_SELRES_start\">\ufeff<\/span><\/iframe><\/p>\n<h2><\/h2>\n<h2><\/h2>\n<h2 class=\"p1\"><span class=\"s1\">WGC Medikuregem\u00a0<\/span><\/h2>\n<p><strong>Caroline Massy\u00a0<\/strong><br \/>\n<strong>Catherine Geypen<\/strong><\/p>\n<p class=\"p1\"><span class=\"s1\"> <img loading=\"lazy\" decoding=\"async\" class=\"alignleft size-thumbnail wp-image-81\" src=\"http:\/\/www.bbbru.be\/wp-content\/uploads\/2018\/11\/bijlage-7-150x150.jpg\" alt=\"\" width=\"150\" height=\"150\" srcset=\"https:\/\/www.bbbru.be\/wp-content\/uploads\/2018\/11\/bijlage-7-150x150.jpg 150w, https:\/\/www.bbbru.be\/wp-content\/uploads\/2018\/11\/bijlage-7-640x640.jpg 640w\" sizes=\"(max-width: 150px) 100vw, 150px\" \/>Joseph Dujardinstraat 8 \u2013 12<br \/>\n<\/span>1070 Anderlecht<br \/>\n02\/522 32 87<\/p>\n<p><iframe loading=\"lazy\" style=\"border: 0;\" src=\"https:\/\/www.google.com\/maps\/embed?pb=!1m18!1m12!1m3!1d2519.7138194667127!2d4.32292461574541!3d50.8364645795305!2m3!1f0!2f0!3f0!3m2!1i1024!2i768!4f13.1!3m3!1m2!1s0x47c3c411844b7d7d%3A0xe4b5cfff337c50bb!2sMedikuregem!5e0!3m2!1snl!2sbe!4v1542538774663\" width=\"100%\" height=\"300\" frameborder=\"0\" allowfullscreen=\"allowfullscreen\"><\/iframe><\/p>\n","protected":false},"excerpt":{"rendered":"<p>En semaine, vous pouvez appeler le num\u00e9ro de la maison m\u00e9dicale o\u00f9 travaille votre sage-femme. Si vous souhaitez prendre rendez-vous, l\u2019un des r\u00e9ceptionnistes vous aidera \u00e0 faire le n\u00e9cessaire. Si vous avez une question m\u00e9dicale (urgente), votre sage-femme ou m\u00e9decin y r\u00e9pondra. Le week-end, vous pouvez appeler le num\u00e9ro de garde que vous recevez d\u00e8s [&hellip;]<\/p>\n","protected":false},"author":2,"featured_media":109,"parent":0,"menu_order":0,"comment_status":"closed","ping_status":"closed","template":"","meta":{"_monsterinsights_skip_tracking":false,"_monsterinsights_sitenote_active":false,"_monsterinsights_sitenote_note":"","_monsterinsights_sitenote_category":0,"_genesis_hide_title":false,"_genesis_hide_breadcrumbs":false,"_genesis_hide_singular_image":false,"_genesis_hide_footer_widgets":false,"_genesis_custom_body_class":"","_genesis_custom_post_class":"","_genesis_layout":"","footnotes":""},"_links":{"self":[{"href":"https:\/\/www.bbbru.be\/fr\/wp-json\/wp\/v2\/pages\/411"}],"collection":[{"href":"https:\/\/www.bbbru.be\/fr\/wp-json\/wp\/v2\/pages"}],"about":[{"href":"https:\/\/www.bbbru.be\/fr\/wp-json\/wp\/v2\/types\/page"}],"author":[{"embeddable":true,"href":"https:\/\/www.bbbru.be\/fr\/wp-json\/wp\/v2\/users\/2"}],"replies":[{"embeddable":true,"href":"https:\/\/www.bbbru.be\/fr\/wp-json\/wp\/v2\/comments?post=411"}],"version-history":[{"count":3,"href":"https:\/\/www.bbbru.be\/fr\/wp-json\/wp\/v2\/pages\/411\/revisions"}],"predecessor-version":[{"id":518,"href":"https:\/\/www.bbbru.be\/fr\/wp-json\/wp\/v2\/pages\/411\/revisions\/518"}],"wp:featuredmedia":[{"embeddable":true,"href":"https:\/\/www.bbbru.be\/fr\/wp-json\/wp\/v2\/media\/109"}],"wp:attachment":[{"href":"https:\/\/www.bbbru.be\/fr\/wp-json\/wp\/v2\/media?parent=411"}],"curies":[{"name":"wp","href":"https:\/\/api.w.org\/{rel}","templated":true}]}}